{"id":149,"date":"2026-02-20T11:40:35","date_gmt":"2026-02-20T11:40:35","guid":{"rendered":"http:\/\/edbeirainterior.wordpress.com\/?page_id=1"},"modified":"2026-02-26T23:15:52","modified_gmt":"2026-02-26T23:15:52","slug":"about","status":"publish","type":"page","link":"https:\/\/edbeirainterior.ubi.pt\/index.php\/about\/","title":{"rendered":"Sobre n\u00f3s"},"content":{"rendered":"\n<h4 class=\"wp-block-heading has-text-color has-link-color has-large-font-size wp-elements-3f617ae26588aec037daaa8a6e338974\" style=\"color:#003399\"><strong>O que \u00e9 a rede Europe Direct?<\/strong><\/h4>\n\n\n\n<p class=\"has-text-color has-link-color wp-elements-38c402dd7a20997edf0442b9cba48f66\" style=\"color:#003399;font-size:15px\">A rede Europe Direct \u00e9 uma iniciativa da Comiss\u00e3o Europeia que assegura a exist\u00eancia de centros de informa\u00e7\u00e3o em todas as regi\u00f5es da Uni\u00e3o Europeia. Estes centros funcionam como intermedi\u00e1rios de informa\u00e7\u00e3o entre as institui\u00e7\u00f5es europeias e os cidad\u00e3os.<\/p>\n\n\n\n<p class=\"has-text-color has-link-color wp-elements-5cf22ce97452927deff7d9d003a7966d\" style=\"color:#003399;font-size:15px\">O seu principal objetivo \u00e9 promover o di\u00e1logo, a transpar\u00eancia e a participa\u00e7\u00e3o democr\u00e1tica.<\/p>\n\n\n\n<p class=\"has-text-link-color has-text-color has-link-color wp-elements-aac3a81bec1728e7f47a3228c7df5c3e\"><\/p>\n\n\n\n<p class=\"has-text-link-color has-text-color has-link-color wp-elements-aac3a81bec1728e7f47a3228c7df5c3e\"><\/p>\n\n\n\n<h4 class=\"wp-block-heading has-text-color has-link-color has-large-font-size wp-elements-152f8e592206e667a1d703bddc018599\" style=\"color:#003399\"><strong>Miss\u00e3o e Objetivos do Centro Europe Direct Beira Interior<\/strong><\/h4>\n\n\n\n<p class=\"has-text-color has-link-color wp-elements-1191a7af9788724db7a2bbdcdc511431\" style=\"color:#003399;font-size:15px\">O Centro Europe Direct Beira Interior tem como miss\u00e3o:<\/p>\n\n\n\n<ul style=\"color:#003399;font-size:15px\" class=\"wp-block-list has-text-color has-link-color wp-elements-c0237e10980d17e7bfc8571cf242e285\">\n<li class=\"has-text-color has-link-color wp-elements-75d08363881355ba1ea7da5787a66bde\" style=\"color:#003399\">Informar os cidad\u00e3os sobre pol\u00edticas e prioridades da Uni\u00e3o Europeia<\/li>\n\n\n\n<li class=\"has-text-color has-link-color wp-elements-a5688c31dc1def3b985da1e889b325b0\" style=\"color:#003399\">Promover a cidadania europeia ativa<\/li>\n\n\n\n<li class=\"has-text-color has-link-color wp-elements-e5c1f25fc5ff1455c25cb56eebbd29d2\" style=\"color:#003399\">Incentivar o debate p\u00fablico sobre temas europeus<\/li>\n\n\n\n<li class=\"has-text-color has-link-color wp-elements-a3f1d669c6c70f488a2a33854b7bed95\" style=\"color:#003399\">Combater a desinforma\u00e7\u00e3o<\/li>\n\n\n\n<li class=\"has-text-color has-link-color wp-elements-2a9cf9f0bdbd03c2cda9728cf577d0f9\" style=\"color:#003399\">Divulgar oportunidades de financiamento, educa\u00e7\u00e3o e mobilidade<\/li>\n<\/ul>\n\n\n\n<p class=\"has-text-color has-link-color wp-elements-818e6df595038ac5ce2a107f111cb8c5\" style=\"color:#003399;font-size:15px\">Trabalhamos em estreita colabora\u00e7\u00e3o com munic\u00edpios, escolas, associa\u00e7\u00f5es, institui\u00e7\u00f5es de ensino superior e outras entidades da regi\u00e3o.<\/p>\n\n\n\n<p class=\"has-text-link-color has-text-color has-link-color wp-elements-aac3a81bec1728e7f47a3228c7df5c3e\"><\/p>\n\n\n\n<p class=\"has-text-link-color has-text-color has-link-color wp-elements-aac3a81bec1728e7f47a3228c7df5c3e\"><\/p>\n\n\n\n<h4 class=\"wp-block-heading has-text-color has-link-color has-large-font-size wp-elements-7b6c8ce6c674bb7ec303be4863dce8de\" style=\"color:#003399\"><strong>Onde estamos?<\/strong><\/h4>\n\n\n\n<p class=\"has-text-color has-link-color wp-elements-e7fc36721ee0c157b5836d36a1f4e988\" style=\"color:#003399;font-size:15px\">O Centro Europe Direct Beira Interior encontra-se sediado no Gabinete de Internacionaliza\u00e7\u00e3o e Coopera\u00e7\u00e3o (Setor de Apoio \u00e0 Coopera\u00e7\u00e3o) da Universidade da beira Interior.<\/p>\n\n\n\n<p class=\"has-text-color has-link-color wp-elements-6ed460da3f0e0f987808e08ff016aa32\" style=\"color:#003399;font-size:15px\">Rua Marqu\u00eas D&#8217;\u00c1vila e Bolama<br>6201-001 Covilh\u00e3<\/p>\n\n\n\n<p class=\"has-text-link-color has-text-color has-link-color wp-elements-aac3a81bec1728e7f47a3228c7df5c3e\"><\/p>\n\n\n\n<p><\/p>\n","protected":false},"excerpt":{"rendered":"<p>O que \u00e9 a rede Europe Direct? A rede Europe Direct \u00e9 uma iniciativa da Comiss\u00e3o Europeia que assegura a exist\u00eancia de centros de informa\u00e7\u00e3o em todas as regi\u00f5es da Uni\u00e3o Europeia. Estes centros funcionam como intermedi\u00e1rios de informa\u00e7\u00e3o entre as institui\u00e7\u00f5es europeias e os cidad\u00e3os. O seu principal objetivo \u00e9 promover o di\u00e1logo, a [&hellip;]<\/p>\n","protected":false},"author":1,"featured_media":0,"parent":0,"menu_order":0,"comment_status":"closed","ping_status":"open","template":"","meta":{"_uag_custom_page_level_css":"","footnotes":""},"class_list":["post-149","page","type-page","status-publish","hentry"],"yoast_head":"<!-- This site is optimized with the Yoast SEO plugin v27.4 - https:\/\/yoast.com\/product\/yoast-seo-wordpress\/ -->\n<title>Sobre n\u00f3s -<\/title>\n<meta name=\"robots\" content=\"index, follow, max-snippet:-1, max-image-preview:large, max-video-preview:-1\" \/>\n<link rel=\"canonical\" href=\"https:\/\/edbeirainterior.ubi.pt\/index.php\/about\/\" \/>\n<meta property=\"og:locale\" content=\"en_US\" \/>\n<meta property=\"og:type\" content=\"article\" \/>\n<meta property=\"og:title\" content=\"Sobre n\u00f3s -\" \/>\n<meta property=\"og:description\" content=\"O que \u00e9 a rede Europe Direct? A rede Europe Direct \u00e9 uma iniciativa da Comiss\u00e3o Europeia que assegura a exist\u00eancia de centros de informa\u00e7\u00e3o em todas as regi\u00f5es da Uni\u00e3o Europeia. Estes centros funcionam como intermedi\u00e1rios de informa\u00e7\u00e3o entre as institui\u00e7\u00f5es europeias e os cidad\u00e3os. O seu principal objetivo \u00e9 promover o di\u00e1logo, a [&hellip;]\" \/>\n<meta property=\"og:url\" content=\"https:\/\/edbeirainterior.ubi.pt\/index.php\/about\/\" \/>\n<meta property=\"article:publisher\" content=\"https:\/\/www.facebook.com\/profile.php?id=61588628420882\" \/>\n<meta property=\"article:modified_time\" content=\"2026-02-26T23:15:52+00:00\" \/>\n<meta name=\"twitter:card\" content=\"summary_large_image\" \/>\n<meta name=\"twitter:site\" content=\"@beirainteriored\" \/>\n<meta name=\"twitter:label1\" content=\"Est. reading time\" \/>\n\t<meta name=\"twitter:data1\" content=\"1 minute\" \/>\n<script type=\"application\/ld+json\" class=\"yoast-schema-graph\">{\"@context\":\"https:\\\/\\\/schema.org\",\"@graph\":[{\"@type\":\"WebPage\",\"@id\":\"https:\\\/\\\/edbeirainterior.ubi.pt\\\/index.php\\\/about\\\/\",\"url\":\"https:\\\/\\\/edbeirainterior.ubi.pt\\\/index.php\\\/about\\\/\",\"name\":\"Sobre n\u00f3s -\",\"isPartOf\":{\"@id\":\"https:\\\/\\\/edbeirainterior.ubi.pt\\\/#website\"},\"datePublished\":\"2026-02-20T11:40:35+00:00\",\"dateModified\":\"2026-02-26T23:15:52+00:00\",\"breadcrumb\":{\"@id\":\"https:\\\/\\\/edbeirainterior.ubi.pt\\\/index.php\\\/about\\\/#breadcrumb\"},\"inLanguage\":\"en-US\",\"potentialAction\":[{\"@type\":\"ReadAction\",\"target\":[\"https:\\\/\\\/edbeirainterior.ubi.pt\\\/index.php\\\/about\\\/\"]}]},{\"@type\":\"BreadcrumbList\",\"@id\":\"https:\\\/\\\/edbeirainterior.ubi.pt\\\/index.php\\\/about\\\/#breadcrumb\",\"itemListElement\":[{\"@type\":\"ListItem\",\"position\":1,\"name\":\"Home\",\"item\":\"https:\\\/\\\/edbeirainterior.ubi.pt\\\/\"},{\"@type\":\"ListItem\",\"position\":2,\"name\":\"Sobre n\u00f3s\"}]},{\"@type\":\"WebSite\",\"@id\":\"https:\\\/\\\/edbeirainterior.ubi.pt\\\/#website\",\"url\":\"https:\\\/\\\/edbeirainterior.ubi.pt\\\/\",\"name\":\"Europe Direct Beira Interior\",\"description\":\"A Europa est\u00e1 mais pr\u00f3xima do que pensa!\",\"publisher\":{\"@id\":\"https:\\\/\\\/edbeirainterior.ubi.pt\\\/#organization\"},\"potentialAction\":[{\"@type\":\"SearchAction\",\"target\":{\"@type\":\"EntryPoint\",\"urlTemplate\":\"https:\\\/\\\/edbeirainterior.ubi.pt\\\/?s={search_term_string}\"},\"query-input\":{\"@type\":\"PropertyValueSpecification\",\"valueRequired\":true,\"valueName\":\"search_term_string\"}}],\"inLanguage\":\"en-US\"},{\"@type\":\"Organization\",\"@id\":\"https:\\\/\\\/edbeirainterior.ubi.pt\\\/#organization\",\"name\":\"Europe Direct Beira Interior\",\"url\":\"https:\\\/\\\/edbeirainterior.ubi.pt\\\/\",\"logo\":{\"@type\":\"ImageObject\",\"inLanguage\":\"en-US\",\"@id\":\"https:\\\/\\\/edbeirainterior.ubi.pt\\\/#\\\/schema\\\/logo\\\/image\\\/\",\"url\":\"https:\\\/\\\/edbeirainterior.ubi.pt\\\/wp-content\\\/uploads\\\/2026\\\/02\\\/Design-sem-nome-19-scaled.png\",\"contentUrl\":\"https:\\\/\\\/edbeirainterior.ubi.pt\\\/wp-content\\\/uploads\\\/2026\\\/02\\\/Design-sem-nome-19-scaled.png\",\"width\":2560,\"height\":667,\"caption\":\"Europe Direct Beira Interior\"},\"image\":{\"@id\":\"https:\\\/\\\/edbeirainterior.ubi.pt\\\/#\\\/schema\\\/logo\\\/image\\\/\"},\"sameAs\":[\"https:\\\/\\\/www.facebook.com\\\/profile.php?id=61588628420882\",\"https:\\\/\\\/x.com\\\/beirainteriored\",\"https:\\\/\\\/www.instagram.com\\\/ed.beirainterior\\\/\"]}]}<\/script>\n<!-- \/ Yoast SEO plugin. -->","yoast_head_json":{"title":"Sobre n\u00f3s -","robots":{"index":"index","follow":"follow","max-snippet":"max-snippet:-1","max-image-preview":"max-image-preview:large","max-video-preview":"max-video-preview:-1"},"canonical":"https:\/\/edbeirainterior.ubi.pt\/index.php\/about\/","og_locale":"en_US","og_type":"article","og_title":"Sobre n\u00f3s -","og_description":"O que \u00e9 a rede Europe Direct? A rede Europe Direct \u00e9 uma iniciativa da Comiss\u00e3o Europeia que assegura a exist\u00eancia de centros de informa\u00e7\u00e3o em todas as regi\u00f5es da Uni\u00e3o Europeia. Estes centros funcionam como intermedi\u00e1rios de informa\u00e7\u00e3o entre as institui\u00e7\u00f5es europeias e os cidad\u00e3os. O seu principal objetivo \u00e9 promover o di\u00e1logo, a [&hellip;]","og_url":"https:\/\/edbeirainterior.ubi.pt\/index.php\/about\/","article_publisher":"https:\/\/www.facebook.com\/profile.php?id=61588628420882","article_modified_time":"2026-02-26T23:15:52+00:00","twitter_card":"summary_large_image","twitter_site":"@beirainteriored","twitter_misc":{"Est. reading time":"1 minute"},"schema":{"@context":"https:\/\/schema.org","@graph":[{"@type":"WebPage","@id":"https:\/\/edbeirainterior.ubi.pt\/index.php\/about\/","url":"https:\/\/edbeirainterior.ubi.pt\/index.php\/about\/","name":"Sobre n\u00f3s -","isPartOf":{"@id":"https:\/\/edbeirainterior.ubi.pt\/#website"},"datePublished":"2026-02-20T11:40:35+00:00","dateModified":"2026-02-26T23:15:52+00:00","breadcrumb":{"@id":"https:\/\/edbeirainterior.ubi.pt\/index.php\/about\/#breadcrumb"},"inLanguage":"en-US","potentialAction":[{"@type":"ReadAction","target":["https:\/\/edbeirainterior.ubi.pt\/index.php\/about\/"]}]},{"@type":"BreadcrumbList","@id":"https:\/\/edbeirainterior.ubi.pt\/index.php\/about\/#breadcrumb","itemListElement":[{"@type":"ListItem","position":1,"name":"Home","item":"https:\/\/edbeirainterior.ubi.pt\/"},{"@type":"ListItem","position":2,"name":"Sobre n\u00f3s"}]},{"@type":"WebSite","@id":"https:\/\/edbeirainterior.ubi.pt\/#website","url":"https:\/\/edbeirainterior.ubi.pt\/","name":"Europe Direct Beira Interior","description":"A Europa est\u00e1 mais pr\u00f3xima do que pensa!","publisher":{"@id":"https:\/\/edbeirainterior.ubi.pt\/#organization"},"potentialAction":[{"@type":"SearchAction","target":{"@type":"EntryPoint","urlTemplate":"https:\/\/edbeirainterior.ubi.pt\/?s={search_term_string}"},"query-input":{"@type":"PropertyValueSpecification","valueRequired":true,"valueName":"search_term_string"}}],"inLanguage":"en-US"},{"@type":"Organization","@id":"https:\/\/edbeirainterior.ubi.pt\/#organization","name":"Europe Direct Beira Interior","url":"https:\/\/edbeirainterior.ubi.pt\/","logo":{"@type":"ImageObject","inLanguage":"en-US","@id":"https:\/\/edbeirainterior.ubi.pt\/#\/schema\/logo\/image\/","url":"https:\/\/edbeirainterior.ubi.pt\/wp-content\/uploads\/2026\/02\/Design-sem-nome-19-scaled.png","contentUrl":"https:\/\/edbeirainterior.ubi.pt\/wp-content\/uploads\/2026\/02\/Design-sem-nome-19-scaled.png","width":2560,"height":667,"caption":"Europe Direct Beira Interior"},"image":{"@id":"https:\/\/edbeirainterior.ubi.pt\/#\/schema\/logo\/image\/"},"sameAs":["https:\/\/www.facebook.com\/profile.php?id=61588628420882","https:\/\/x.com\/beirainteriored","https:\/\/www.instagram.com\/ed.beirainterior\/"]}]}},"uagb_featured_image_src":{"full":false,"thumbnail":false,"medium":false,"medium_large":false,"large":false,"1536x1536":false,"2048x2048":false},"uagb_author_info":{"display_name":"ED Beira Interior","author_link":"https:\/\/edbeirainterior.ubi.pt\/index.php\/author\/edbeirainterior_admin\/"},"uagb_comment_info":0,"uagb_excerpt":"O que \u00e9 a rede Europe Direct? A rede Europe Direct \u00e9 uma iniciativa da Comiss\u00e3o Europeia que assegura a exist\u00eancia de centros de informa\u00e7\u00e3o em todas as regi\u00f5es da Uni\u00e3o Europeia. Estes centros funcionam como intermedi\u00e1rios de informa\u00e7\u00e3o entre as institui\u00e7\u00f5es europeias e os cidad\u00e3os. O seu principal objetivo \u00e9 promover o di\u00e1logo, a&hellip;","_links":{"self":[{"href":"https:\/\/edbeirainterior.ubi.pt\/index.php\/wp-json\/wp\/v2\/pages\/149","targetHints":{"allow":["GET"]}}],"collection":[{"href":"https:\/\/edbeirainterior.ubi.pt\/index.php\/wp-json\/wp\/v2\/pages"}],"about":[{"href":"https:\/\/edbeirainterior.ubi.pt\/index.php\/wp-json\/wp\/v2\/types\/page"}],"author":[{"embeddable":true,"href":"https:\/\/edbeirainterior.ubi.pt\/index.php\/wp-json\/wp\/v2\/users\/1"}],"replies":[{"embeddable":true,"href":"https:\/\/edbeirainterior.ubi.pt\/index.php\/wp-json\/wp\/v2\/comments?post=149"}],"version-history":[{"count":3,"href":"https:\/\/edbeirainterior.ubi.pt\/index.php\/wp-json\/wp\/v2\/pages\/149\/revisions"}],"predecessor-version":[{"id":375,"href":"https:\/\/edbeirainterior.ubi.pt\/index.php\/wp-json\/wp\/v2\/pages\/149\/revisions\/375"}],"wp:attachment":[{"href":"https:\/\/edbeirainterior.ubi.pt\/index.php\/wp-json\/wp\/v2\/media?parent=149"}],"curies":[{"name":"wp","href":"https:\/\/api.w.org\/{rel}","templated":true}]}}