{"id":166,"date":"2026-02-23T15:31:44","date_gmt":"2026-02-23T15:31:44","guid":{"rendered":"https:\/\/edbeirainterior.wordpress.com\/?page_id=165"},"modified":"2026-02-26T22:39:20","modified_gmt":"2026-02-26T22:39:20","slug":"a-uniao-europeia-2","status":"publish","type":"page","link":"https:\/\/edbeirainterior.ubi.pt\/index.php\/a-uniao-europeia-2\/","title":{"rendered":"A Uni\u00e3o Europeia"},"content":{"rendered":"\n<p class=\"has-text-color has-link-color wp-elements-2143e13bde9eec50a4a55ebcf10783c4\" style=\"color:#003399;font-size:15px\">A Uni\u00e3o Europeia nasceu das cinzas da Segunda Guerra Mundial com um prop\u00f3sito claro: garantir que o conflito entre vizinhos europeus nunca mais se repetisse. O primeiro passo concreto ocorreu a 9 de maio de 1950, quando a Declara\u00e7\u00e3o Schuman prop\u00f4s que a produ\u00e7\u00e3o de carv\u00e3o e a\u00e7o fosse gerida em conjunto, tornando a guerra entre as pot\u00eancias n\u00e3o apenas impens\u00e1vel, mas materialmente imposs\u00edvel. Este gesto fundou a Comunidade Europeia do Carv\u00e3o e do A\u00e7o, unindo inicialmente seis pa\u00edses num destino econ\u00f3mico comum.<\/p>\n\n\n\n<figure class=\"wp-block-image aligncenter size-large is-resized\"><img decoding=\"async\" src=\"https:\/\/edbeirainterior.ubi.pt\/wp-content\/uploads\/2026\/02\/schuman-robert-bio-1.jpg?w=1024\" alt=\"\" class=\"wp-image-168\" style=\"aspect-ratio:1.5000189014478509;width:159px;height:auto\"\/><\/figure>\n\n\n\n<p class=\"has-text-align-left has-text-color has-link-color wp-elements-4a30143770499bf426488e306f1eaf96\" style=\"color:#003399;font-size:15px\">Com o sucesso desta coopera\u00e7\u00e3o, o projeto expandiu-se em 1957 com o Tratado de Roma, que instituiu a Comunidade Econ\u00f3mica Europeia e lan\u00e7ou as bases para um mercado comum onde pessoas, bens e servi\u00e7os pudessem circular livremente. Nas d\u00e9cadas seguintes, a Europa deixou de ser apenas um bloco econ\u00f3mico para se tornar uma uni\u00e3o pol\u00edtica de valores. Portugal e Espanha integraram este projeto em 1986, um marco decisivo para a consolida\u00e7\u00e3o das democracias ib\u00e9ricas e para o desenvolvimento das suas regi\u00f5es, como a Beira Interior.<\/p>\n\n\n\n<figure class=\"wp-block-image aligncenter size-large is-resized\"><img fetchpriority=\"high\" decoding=\"async\" width=\"1440\" height=\"810\" src=\"https:\/\/edbeirainterior.ubi.pt\/wp-content\/uploads\/2026\/02\/1440x810_cmsv2_b09702a1-cb0f-5715-b99d-e1a2b0b93665-9324386.jpg?w=1024\" alt=\"\" class=\"wp-image-170\" style=\"aspect-ratio:1.7778572158104382;width:190px;height:auto\" srcset=\"https:\/\/edbeirainterior.ubi.pt\/wp-content\/uploads\/2026\/02\/1440x810_cmsv2_b09702a1-cb0f-5715-b99d-e1a2b0b93665-9324386.jpg 1440w, https:\/\/edbeirainterior.ubi.pt\/wp-content\/uploads\/2026\/02\/1440x810_cmsv2_b09702a1-cb0f-5715-b99d-e1a2b0b93665-9324386-300x169.jpg 300w, https:\/\/edbeirainterior.ubi.pt\/wp-content\/uploads\/2026\/02\/1440x810_cmsv2_b09702a1-cb0f-5715-b99d-e1a2b0b93665-9324386-1024x576.jpg 1024w, https:\/\/edbeirainterior.ubi.pt\/wp-content\/uploads\/2026\/02\/1440x810_cmsv2_b09702a1-cb0f-5715-b99d-e1a2b0b93665-9324386-768x432.jpg 768w\" sizes=\"(max-width: 1440px) 100vw, 1440px\" \/><\/figure>\n\n\n\n<div class=\"wp-block-group is-nowrap is-layout-flex wp-container-core-group-is-layout-6c531013 wp-block-group-is-layout-flex\">\n<p class=\"has-text-color has-link-color wp-elements-bc92458ad9fdf88807f3fa1231485007\" style=\"color:#003399;font-size:15px\">A transforma\u00e7\u00e3o definitiva da Uni\u00e3o Europeia aconteceu em 1992 com o Tratado de Maastricht, que estabeleceu regras para uma moeda \u00fanica, uma pol\u00edtica externa comum e a cidadania europeia. Este caminho culminou na introdu\u00e7\u00e3o do Euro em 2002 e no maior alargamento da sua hist\u00f3ria em 2004, acolhendo pa\u00edses do antigo bloco de Leste e reunificando o continente ap\u00f3s a queda do Muro de Berlim.<\/p>\n\n\n\n<figure class=\"wp-block-image size-large\"><img decoding=\"async\" width=\"712\" height=\"722\" src=\"https:\/\/edbeirainterior.ubi.pt\/wp-content\/uploads\/2026\/02\/european-map_pt.jpg?w=712\" alt=\"\" class=\"wp-image-30\" srcset=\"https:\/\/edbeirainterior.ubi.pt\/wp-content\/uploads\/2026\/02\/european-map_pt.jpg 712w, https:\/\/edbeirainterior.ubi.pt\/wp-content\/uploads\/2026\/02\/european-map_pt-296x300.jpg 296w\" sizes=\"(max-width: 712px) 100vw, 712px\" \/><\/figure>\n<\/div>\n\n\n\n<p class=\"has-text-color has-link-color wp-elements-d8031f7d4067472075e09741ef67fb1b\" style=\"color:#003399;font-size:15px\">Atualmente, a Uni\u00e3o Europeia enfrenta os desafios do s\u00e9culo XXI focada na neutralidade clim\u00e1tica, na transi\u00e7\u00e3o digital e na coes\u00e3o entre os seus Estados-membros. Atrav\u00e9s de redes de proximidade como os Centros Europe Direct, a Uni\u00e3o continua a evoluir, assegurando que o projeto iniciado nos anos 50 permane\u00e7a vivo e adaptado \u00e0s necessidades dos cidad\u00e3os europeus.<\/p>\n\n\n\n<figure class=\"wp-block-image aligncenter size-large is-resized\"><img decoding=\"async\" src=\"https:\/\/edbeirainterior.ubi.pt\/wp-content\/uploads\/2026\/02\/momento-de-assinatura-da-carta-parlamento-europeu-1.jpg?w=1024\" alt=\"\" class=\"wp-image-31\" style=\"aspect-ratio:3.3578742489633577;width:470px;height:auto\"\/><\/figure>\n\n\n\n<p class=\"has-text-color has-link-color wp-elements-0c84e110639becd58bafe7c53323be44\" style=\"color:#003399\"><strong>Direitos Fundamentais da Uni\u00e3o Europeia<\/strong><\/p>\n\n\n\n<ul style=\"color:#003399;font-size:15px;line-height:1.75\" class=\"wp-block-list is-style-checkmark-list has-text-color has-link-color wp-elements-0a2a58a20d893f435f8a56e2ca3bb8e4\">\n<li class=\"has-text-color has-link-color wp-elements-ea524545615abe7af9af2c866336f12b\" style=\"color:#003399\">Dignidade Humana<\/li>\n\n\n\n<li class=\"has-text-color has-link-color wp-elements-33d2dcde24dbaf816e68ae3124cddfd4\" style=\"color:#003399\">Liberdade<\/li>\n\n\n\n<li class=\"has-text-color has-link-color wp-elements-3abb2d41aaff1ffd89c40e291cfe187c\" style=\"color:#003399\">Igualdade<\/li>\n\n\n\n<li class=\"has-text-color has-link-color wp-elements-670cce72654479dcae9e8ff7c4525634\" style=\"color:#003399\">Solidariedade<\/li>\n\n\n\n<li class=\"has-text-color has-link-color wp-elements-ffc85f3d52c0dad2a2b2c970d01543de\" style=\"color:#003399\">Cidadania<\/li>\n\n\n\n<li class=\"has-text-color has-link-color wp-elements-1f52dc14eab63ed631cdd4ca0becf54c\" style=\"color:#003399\">Justi\u00e7a<\/li>\n<\/ul>\n\n\n\n<p><\/p>\n","protected":false},"excerpt":{"rendered":"<p>A Uni\u00e3o Europeia nasceu das cinzas da Segunda Guerra Mundial com um prop\u00f3sito claro: garantir que o conflito entre vizinhos europeus nunca mais se repetisse. O primeiro passo concreto ocorreu a 9 de maio de 1950, quando a Declara\u00e7\u00e3o Schuman prop\u00f4s que a produ\u00e7\u00e3o de carv\u00e3o e a\u00e7o fosse gerida em conjunto, tornando a guerra [&hellip;]<\/p>\n","protected":false},"author":1,"featured_media":0,"parent":0,"menu_order":0,"comment_status":"closed","ping_status":"closed","template":"","meta":{"_uag_custom_page_level_css":"","footnotes":""},"class_list":["post-166","page","type-page","status-publish","hentry"],"yoast_head":"<!-- This site is optimized with the Yoast SEO plugin v27.4 - https:\/\/yoast.com\/product\/yoast-seo-wordpress\/ -->\n<title>A Uni\u00e3o Europeia -<\/title>\n<meta name=\"robots\" content=\"index, follow, max-snippet:-1, max-image-preview:large, max-video-preview:-1\" \/>\n<link rel=\"canonical\" href=\"https:\/\/edbeirainterior.ubi.pt\/index.php\/a-uniao-europeia-2\/\" \/>\n<meta property=\"og:locale\" content=\"en_US\" \/>\n<meta property=\"og:type\" content=\"article\" \/>\n<meta property=\"og:title\" content=\"A Uni\u00e3o Europeia -\" \/>\n<meta property=\"og:description\" content=\"A Uni\u00e3o Europeia nasceu das cinzas da Segunda Guerra Mundial com um prop\u00f3sito claro: garantir que o conflito entre vizinhos europeus nunca mais se repetisse. O primeiro passo concreto ocorreu a 9 de maio de 1950, quando a Declara\u00e7\u00e3o Schuman prop\u00f4s que a produ\u00e7\u00e3o de carv\u00e3o e a\u00e7o fosse gerida em conjunto, tornando a guerra [&hellip;]\" \/>\n<meta property=\"og:url\" content=\"https:\/\/edbeirainterior.ubi.pt\/index.php\/a-uniao-europeia-2\/\" \/>\n<meta property=\"article:publisher\" content=\"https:\/\/www.facebook.com\/profile.php?id=61588628420882\" \/>\n<meta property=\"article:modified_time\" content=\"2026-02-26T22:39:20+00:00\" \/>\n<meta property=\"og:image\" content=\"https:\/\/edbeirainterior.ubi.pt\/wp-content\/uploads\/2026\/02\/schuman-robert-bio.jpg\" \/>\n\t<meta property=\"og:image:width\" content=\"1200\" \/>\n\t<meta property=\"og:image:height\" content=\"800\" \/>\n\t<meta property=\"og:image:type\" content=\"image\/jpeg\" \/>\n<meta name=\"twitter:card\" content=\"summary_large_image\" \/>\n<meta name=\"twitter:site\" content=\"@beirainteriored\" \/>\n<meta name=\"twitter:label1\" content=\"Est. reading time\" \/>\n\t<meta name=\"twitter:data1\" content=\"2 minutes\" \/>\n<script type=\"application\/ld+json\" class=\"yoast-schema-graph\">{\"@context\":\"https:\\\/\\\/schema.org\",\"@graph\":[{\"@type\":\"WebPage\",\"@id\":\"https:\\\/\\\/edbeirainterior.ubi.pt\\\/index.php\\\/a-uniao-europeia-2\\\/\",\"url\":\"https:\\\/\\\/edbeirainterior.ubi.pt\\\/index.php\\\/a-uniao-europeia-2\\\/\",\"name\":\"A Uni\u00e3o Europeia -\",\"isPartOf\":{\"@id\":\"https:\\\/\\\/edbeirainterior.ubi.pt\\\/#website\"},\"primaryImageOfPage\":{\"@id\":\"https:\\\/\\\/edbeirainterior.ubi.pt\\\/index.php\\\/a-uniao-europeia-2\\\/#primaryimage\"},\"image\":{\"@id\":\"https:\\\/\\\/edbeirainterior.ubi.pt\\\/index.php\\\/a-uniao-europeia-2\\\/#primaryimage\"},\"thumbnailUrl\":\"https:\\\/\\\/edbeirainterior.ubi.pt\\\/wp-content\\\/uploads\\\/2026\\\/02\\\/schuman-robert-bio-1.jpg?w=1024\",\"datePublished\":\"2026-02-23T15:31:44+00:00\",\"dateModified\":\"2026-02-26T22:39:20+00:00\",\"breadcrumb\":{\"@id\":\"https:\\\/\\\/edbeirainterior.ubi.pt\\\/index.php\\\/a-uniao-europeia-2\\\/#breadcrumb\"},\"inLanguage\":\"en-US\",\"potentialAction\":[{\"@type\":\"ReadAction\",\"target\":[\"https:\\\/\\\/edbeirainterior.ubi.pt\\\/index.php\\\/a-uniao-europeia-2\\\/\"]}]},{\"@type\":\"ImageObject\",\"inLanguage\":\"en-US\",\"@id\":\"https:\\\/\\\/edbeirainterior.ubi.pt\\\/index.php\\\/a-uniao-europeia-2\\\/#primaryimage\",\"url\":\"https:\\\/\\\/edbeirainterior.ubi.pt\\\/wp-content\\\/uploads\\\/2026\\\/02\\\/schuman-robert-bio.jpg\",\"contentUrl\":\"https:\\\/\\\/edbeirainterior.ubi.pt\\\/wp-content\\\/uploads\\\/2026\\\/02\\\/schuman-robert-bio.jpg\",\"width\":1200,\"height\":800},{\"@type\":\"BreadcrumbList\",\"@id\":\"https:\\\/\\\/edbeirainterior.ubi.pt\\\/index.php\\\/a-uniao-europeia-2\\\/#breadcrumb\",\"itemListElement\":[{\"@type\":\"ListItem\",\"position\":1,\"name\":\"Home\",\"item\":\"https:\\\/\\\/edbeirainterior.ubi.pt\\\/\"},{\"@type\":\"ListItem\",\"position\":2,\"name\":\"A Uni\u00e3o Europeia\"}]},{\"@type\":\"WebSite\",\"@id\":\"https:\\\/\\\/edbeirainterior.ubi.pt\\\/#website\",\"url\":\"https:\\\/\\\/edbeirainterior.ubi.pt\\\/\",\"name\":\"Europe Direct Beira Interior\",\"description\":\"A Europa est\u00e1 mais pr\u00f3xima do que pensa!\",\"publisher\":{\"@id\":\"https:\\\/\\\/edbeirainterior.ubi.pt\\\/#organization\"},\"potentialAction\":[{\"@type\":\"SearchAction\",\"target\":{\"@type\":\"EntryPoint\",\"urlTemplate\":\"https:\\\/\\\/edbeirainterior.ubi.pt\\\/?s={search_term_string}\"},\"query-input\":{\"@type\":\"PropertyValueSpecification\",\"valueRequired\":true,\"valueName\":\"search_term_string\"}}],\"inLanguage\":\"en-US\"},{\"@type\":\"Organization\",\"@id\":\"https:\\\/\\\/edbeirainterior.ubi.pt\\\/#organization\",\"name\":\"Europe Direct Beira Interior\",\"url\":\"https:\\\/\\\/edbeirainterior.ubi.pt\\\/\",\"logo\":{\"@type\":\"ImageObject\",\"inLanguage\":\"en-US\",\"@id\":\"https:\\\/\\\/edbeirainterior.ubi.pt\\\/#\\\/schema\\\/logo\\\/image\\\/\",\"url\":\"https:\\\/\\\/edbeirainterior.ubi.pt\\\/wp-content\\\/uploads\\\/2026\\\/02\\\/Design-sem-nome-19-scaled.png\",\"contentUrl\":\"https:\\\/\\\/edbeirainterior.ubi.pt\\\/wp-content\\\/uploads\\\/2026\\\/02\\\/Design-sem-nome-19-scaled.png\",\"width\":2560,\"height\":667,\"caption\":\"Europe Direct Beira Interior\"},\"image\":{\"@id\":\"https:\\\/\\\/edbeirainterior.ubi.pt\\\/#\\\/schema\\\/logo\\\/image\\\/\"},\"sameAs\":[\"https:\\\/\\\/www.facebook.com\\\/profile.php?id=61588628420882\",\"https:\\\/\\\/x.com\\\/beirainteriored\",\"https:\\\/\\\/www.instagram.com\\\/ed.beirainterior\\\/\"]}]}<\/script>\n<!-- \/ Yoast SEO plugin. -->","yoast_head_json":{"title":"A Uni\u00e3o Europeia -","robots":{"index":"index","follow":"follow","max-snippet":"max-snippet:-1","max-image-preview":"max-image-preview:large","max-video-preview":"max-video-preview:-1"},"canonical":"https:\/\/edbeirainterior.ubi.pt\/index.php\/a-uniao-europeia-2\/","og_locale":"en_US","og_type":"article","og_title":"A Uni\u00e3o Europeia -","og_description":"A Uni\u00e3o Europeia nasceu das cinzas da Segunda Guerra Mundial com um prop\u00f3sito claro: garantir que o conflito entre vizinhos europeus nunca mais se repetisse. O primeiro passo concreto ocorreu a 9 de maio de 1950, quando a Declara\u00e7\u00e3o Schuman prop\u00f4s que a produ\u00e7\u00e3o de carv\u00e3o e a\u00e7o fosse gerida em conjunto, tornando a guerra [&hellip;]","og_url":"https:\/\/edbeirainterior.ubi.pt\/index.php\/a-uniao-europeia-2\/","article_publisher":"https:\/\/www.facebook.com\/profile.php?id=61588628420882","article_modified_time":"2026-02-26T22:39:20+00:00","og_image":[{"width":1200,"height":800,"url":"https:\/\/edbeirainterior.ubi.pt\/wp-content\/uploads\/2026\/02\/schuman-robert-bio.jpg","type":"image\/jpeg"}],"twitter_card":"summary_large_image","twitter_site":"@beirainteriored","twitter_misc":{"Est. reading time":"2 minutes"},"schema":{"@context":"https:\/\/schema.org","@graph":[{"@type":"WebPage","@id":"https:\/\/edbeirainterior.ubi.pt\/index.php\/a-uniao-europeia-2\/","url":"https:\/\/edbeirainterior.ubi.pt\/index.php\/a-uniao-europeia-2\/","name":"A Uni\u00e3o Europeia -","isPartOf":{"@id":"https:\/\/edbeirainterior.ubi.pt\/#website"},"primaryImageOfPage":{"@id":"https:\/\/edbeirainterior.ubi.pt\/index.php\/a-uniao-europeia-2\/#primaryimage"},"image":{"@id":"https:\/\/edbeirainterior.ubi.pt\/index.php\/a-uniao-europeia-2\/#primaryimage"},"thumbnailUrl":"https:\/\/edbeirainterior.ubi.pt\/wp-content\/uploads\/2026\/02\/schuman-robert-bio-1.jpg?w=1024","datePublished":"2026-02-23T15:31:44+00:00","dateModified":"2026-02-26T22:39:20+00:00","breadcrumb":{"@id":"https:\/\/edbeirainterior.ubi.pt\/index.php\/a-uniao-europeia-2\/#breadcrumb"},"inLanguage":"en-US","potentialAction":[{"@type":"ReadAction","target":["https:\/\/edbeirainterior.ubi.pt\/index.php\/a-uniao-europeia-2\/"]}]},{"@type":"ImageObject","inLanguage":"en-US","@id":"https:\/\/edbeirainterior.ubi.pt\/index.php\/a-uniao-europeia-2\/#primaryimage","url":"https:\/\/edbeirainterior.ubi.pt\/wp-content\/uploads\/2026\/02\/schuman-robert-bio.jpg","contentUrl":"https:\/\/edbeirainterior.ubi.pt\/wp-content\/uploads\/2026\/02\/schuman-robert-bio.jpg","width":1200,"height":800},{"@type":"BreadcrumbList","@id":"https:\/\/edbeirainterior.ubi.pt\/index.php\/a-uniao-europeia-2\/#breadcrumb","itemListElement":[{"@type":"ListItem","position":1,"name":"Home","item":"https:\/\/edbeirainterior.ubi.pt\/"},{"@type":"ListItem","position":2,"name":"A Uni\u00e3o Europeia"}]},{"@type":"WebSite","@id":"https:\/\/edbeirainterior.ubi.pt\/#website","url":"https:\/\/edbeirainterior.ubi.pt\/","name":"Europe Direct Beira Interior","description":"A Europa est\u00e1 mais pr\u00f3xima do que pensa!","publisher":{"@id":"https:\/\/edbeirainterior.ubi.pt\/#organization"},"potentialAction":[{"@type":"SearchAction","target":{"@type":"EntryPoint","urlTemplate":"https:\/\/edbeirainterior.ubi.pt\/?s={search_term_string}"},"query-input":{"@type":"PropertyValueSpecification","valueRequired":true,"valueName":"search_term_string"}}],"inLanguage":"en-US"},{"@type":"Organization","@id":"https:\/\/edbeirainterior.ubi.pt\/#organization","name":"Europe Direct Beira Interior","url":"https:\/\/edbeirainterior.ubi.pt\/","logo":{"@type":"ImageObject","inLanguage":"en-US","@id":"https:\/\/edbeirainterior.ubi.pt\/#\/schema\/logo\/image\/","url":"https:\/\/edbeirainterior.ubi.pt\/wp-content\/uploads\/2026\/02\/Design-sem-nome-19-scaled.png","contentUrl":"https:\/\/edbeirainterior.ubi.pt\/wp-content\/uploads\/2026\/02\/Design-sem-nome-19-scaled.png","width":2560,"height":667,"caption":"Europe Direct Beira Interior"},"image":{"@id":"https:\/\/edbeirainterior.ubi.pt\/#\/schema\/logo\/image\/"},"sameAs":["https:\/\/www.facebook.com\/profile.php?id=61588628420882","https:\/\/x.com\/beirainteriored","https:\/\/www.instagram.com\/ed.beirainterior\/"]}]}},"uagb_featured_image_src":{"full":false,"thumbnail":false,"medium":false,"medium_large":false,"large":false,"1536x1536":false,"2048x2048":false},"uagb_author_info":{"display_name":"ED Beira Interior","author_link":"https:\/\/edbeirainterior.ubi.pt\/index.php\/author\/edbeirainterior_admin\/"},"uagb_comment_info":0,"uagb_excerpt":"A Uni\u00e3o Europeia nasceu das cinzas da Segunda Guerra Mundial com um prop\u00f3sito claro: garantir que o conflito entre vizinhos europeus nunca mais se repetisse. O primeiro passo concreto ocorreu a 9 de maio de 1950, quando a Declara\u00e7\u00e3o Schuman prop\u00f4s que a produ\u00e7\u00e3o de carv\u00e3o e a\u00e7o fosse gerida em conjunto, tornando a guerra&hellip;","_links":{"self":[{"href":"https:\/\/edbeirainterior.ubi.pt\/index.php\/wp-json\/wp\/v2\/pages\/166","targetHints":{"allow":["GET"]}}],"collection":[{"href":"https:\/\/edbeirainterior.ubi.pt\/index.php\/wp-json\/wp\/v2\/pages"}],"about":[{"href":"https:\/\/edbeirainterior.ubi.pt\/index.php\/wp-json\/wp\/v2\/types\/page"}],"author":[{"embeddable":true,"href":"https:\/\/edbeirainterior.ubi.pt\/index.php\/wp-json\/wp\/v2\/users\/1"}],"replies":[{"embeddable":true,"href":"https:\/\/edbeirainterior.ubi.pt\/index.php\/wp-json\/wp\/v2\/comments?post=166"}],"version-history":[{"count":7,"href":"https:\/\/edbeirainterior.ubi.pt\/index.php\/wp-json\/wp\/v2\/pages\/166\/revisions"}],"predecessor-version":[{"id":362,"href":"https:\/\/edbeirainterior.ubi.pt\/index.php\/wp-json\/wp\/v2\/pages\/166\/revisions\/362"}],"wp:attachment":[{"href":"https:\/\/edbeirainterior.ubi.pt\/index.php\/wp-json\/wp\/v2\/media?parent=166"}],"curies":[{"name":"wp","href":"https:\/\/api.w.org\/{rel}","templated":true}]}}