{"id":423,"date":"2026-03-11T11:36:33","date_gmt":"2026-03-11T11:36:33","guid":{"rendered":"https:\/\/edbeirainterior.ubi.pt\/?page_id=423"},"modified":"2026-03-11T12:05:31","modified_gmt":"2026-03-11T12:05:31","slug":"oportunidades","status":"publish","type":"page","link":"https:\/\/edbeirainterior.ubi.pt\/index.php\/oportunidades\/","title":{"rendered":"OPORTUNIDADES"},"content":{"rendered":"\t\t\t<div class = \"\n\t\t\twp-block-uagb-post-timeline uagb-timeline__outer-wrap uagb-block-688be72a    uagb-timeline__arrow-center uagb-timeline__center-block uagb_timeline__cta-enable uagb-timeline uagb-timeline__content-wrap\t\t\tuagb-timeline__arrow-center uagb-timeline__center-block uagb_timeline__cta-enable uagb-timeline uagb-timeline__content-wrap\t\t\t\"\n\t\t\tstyle=\"\" >\n\t\t\t\t\t\t\t\t\t\t\t<article class = \"uagb-timeline__field  uagb-timeline__right\">\n\t\t\t\t\t\t\t\t<div class = \"uagb-timeline__marker uagb-timeline__out-view-icon\" >\n\t\t\t\t<span class = \"uagb-timeline__icon-new uagb-timeline__out-view-icon\" >\t\t\t\t<svg xmlns=\"https:\/\/www.w3.org\/2000\/svg\" viewBox= \"0 0 448 512\"><path d=\"M160 32V64H288V32C288 14.33 302.3 0 320 0C337.7 0 352 14.33 352 32V64H400C426.5 64 448 85.49 448 112V160H0V112C0 85.49 21.49 64 48 64H96V32C96 14.33 110.3 0 128 0C145.7 0 160 14.33 160 32zM0 192H448V464C448 490.5 426.5 512 400 512H48C21.49 512 0 490.5 0 464V192zM64 304C64 312.8 71.16 320 80 320H112C120.8 320 128 312.8 128 304V272C128 263.2 120.8 256 112 256H80C71.16 256 64 263.2 64 272V304zM192 304C192 312.8 199.2 320 208 320H240C248.8 320 256 312.8 256 304V272C256 263.2 248.8 256 240 256H208C199.2 256 192 263.2 192 272V304zM336 256C327.2 256 320 263.2 320 272V304C320 312.8 327.2 320 336 320H368C376.8 320 384 312.8 384 304V272C384 263.2 376.8 256 368 256H336zM64 432C64 440.8 71.16 448 80 448H112C120.8 448 128 440.8 128 432V400C128 391.2 120.8 384 112 384H80C71.16 384 64 391.2 64 400V432zM208 384C199.2 384 192 391.2 192 400V432C192 440.8 199.2 448 208 448H240C248.8 448 256 440.8 256 432V400C256 391.2 248.8 384 240 384H208zM320 432C320 440.8 327.2 448 336 448H368C376.8 448 384 440.8 384 432V400C384 391.2 376.8 384 368 384H336C327.2 384 320 391.2 320 400V432z\"><\/path><\/svg>\n\t\t\t\t<\/span>\n\t\t\t<\/div>\n\t\t\t\t\t\t\t\t<div class = \"uagb-timeline__day-new uagb-timeline__day-right uagb-timeline__events-inner-new\" >\n\t\t\t\t\t\t<div class=\"uagb-timeline__events-inner--content\">\n\t\t\t\t\t\t\t\t\t\t\t<div datetime=\"2026-03-11T11:58:25+00:00\" class=\"uagb-timeline__date-hide uagb-timeline__inner-date-new\">\n\t\t\t\tMarch 11, 2026\t\t\t<\/div>\n\t\t\t\t\t\t\t\t\t\t\t\t\t\t\t\t\t\t\t\t\t\t\t\t\t\t<h3 class=\"uagb-timeline__heading\" >\n\t\t\t\t\t<a href=\"https:\/\/edbeirainterior.ubi.pt\/index.php\/2026\/03\/11\/call-europa-criativa-2026\/\" target=\"_self\" rel=\"noopener noreferrer\">Call EUROPA CRIATIVA 2026<\/a>\n\t\t\t\t<\/h3>\n\t\t\t\t\t\t\t\t\t\t\t<span class=\"dashicons-admin-users dashicons\"><\/span>\n\t\t\t\t<a class=\"uagb-timeline__author-link\" href=\"https:\/\/edbeirainterior.ubi.pt\/index.php\/author\/edbeirainterior_admin\/\">ED Beira Interior<\/a>\n\t\t\t\t\t\t\t<div class=\"uagb-timeline-desc-content\">\n\t\t\t\t<p>A Comiss\u00e3o Europeia lan\u00e7ou o novo convite \u00e0 apresenta\u00e7\u00e3o de projetos de coopera\u00e7\u00e3o europeia para&#8230;\t\t\t<\/div>\n\t\t\t\t\t\t<div class=\"uagb-timeline__link_parent wp-block-button\">\n\t\t\t\t<a class=\"uagb-timeline__link wp-block-button__link\" style=\"\" href=\"https:\/\/edbeirainterior.ubi.pt\/index.php\/2026\/03\/11\/call-europa-criativa-2026\/\" target=\"_self\" rel=\" noopener noreferrer\">Saiba Mais<\/a>\n\t\t\t<\/div>\n\t\t\t\t\t\t\t\t\t\t\t<div class = \"uagb-timeline__arrow\"><\/div>\n\t\t\t\t\t\t<\/div>\n\t\t\t\t\t<\/div>\n\t\t\t\t\t\t\t\t\t\t\t\t\t\t<div datetime=\"2026-03-11T11:58:25+00:00\" class=\"uagb-timeline__date-new\">\n\t\t\t\tMarch 11, 2026\t\t\t<\/div>\n\t\t\t\t\t\t\t\t\t\t\t<\/article>\n\t\t\t\t\t\t<article class = \"uagb-timeline__field  uagb-timeline__left\">\n\t\t\t\t\t\t\t\t<div class = \"uagb-timeline__marker uagb-timeline__out-view-icon\" >\n\t\t\t\t<span class = \"uagb-timeline__icon-new uagb-timeline__out-view-icon\" >\t\t\t\t<svg xmlns=\"https:\/\/www.w3.org\/2000\/svg\" viewBox= \"0 0 448 512\"><path d=\"M160 32V64H288V32C288 14.33 302.3 0 320 0C337.7 0 352 14.33 352 32V64H400C426.5 64 448 85.49 448 112V160H0V112C0 85.49 21.49 64 48 64H96V32C96 14.33 110.3 0 128 0C145.7 0 160 14.33 160 32zM0 192H448V464C448 490.5 426.5 512 400 512H48C21.49 512 0 490.5 0 464V192zM64 304C64 312.8 71.16 320 80 320H112C120.8 320 128 312.8 128 304V272C128 263.2 120.8 256 112 256H80C71.16 256 64 263.2 64 272V304zM192 304C192 312.8 199.2 320 208 320H240C248.8 320 256 312.8 256 304V272C256 263.2 248.8 256 240 256H208C199.2 256 192 263.2 192 272V304zM336 256C327.2 256 320 263.2 320 272V304C320 312.8 327.2 320 336 320H368C376.8 320 384 312.8 384 304V272C384 263.2 376.8 256 368 256H336zM64 432C64 440.8 71.16 448 80 448H112C120.8 448 128 440.8 128 432V400C128 391.2 120.8 384 112 384H80C71.16 384 64 391.2 64 400V432zM208 384C199.2 384 192 391.2 192 400V432C192 440.8 199.2 448 208 448H240C248.8 448 256 440.8 256 432V400C256 391.2 248.8 384 240 384H208zM320 432C320 440.8 327.2 448 336 448H368C376.8 448 384 440.8 384 432V400C384 391.2 376.8 384 368 384H336C327.2 384 320 391.2 320 400V432z\"><\/path><\/svg>\n\t\t\t\t<\/span>\n\t\t\t<\/div>\n\t\t\t\t\t\t\t\t<div class = \"uagb-timeline__day-new uagb-timeline__day-left uagb-timeline__events-inner-new\" >\n\t\t\t\t\t\t<div class=\"uagb-timeline__events-inner--content\">\n\t\t\t\t\t\t\t\t\t\t\t<div datetime=\"2026-02-23T16:27:32+00:00\" class=\"uagb-timeline__date-hide uagb-timeline__inner-date-new\">\n\t\t\t\tFebruary 23, 2026\t\t\t<\/div>\n\t\t\t\t\t\t\t\t\t\t\t\t\t\t\t\t\t\t\t\t\t\t\t\t\t\t<h3 class=\"uagb-timeline__heading\" >\n\t\t\t\t\t<a href=\"https:\/\/edbeirainterior.ubi.pt\/index.php\/2026\/02\/23\/concurso-para-licenciados-administradores-de-grau-ad-5\/\" target=\"_self\" rel=\"noopener noreferrer\">Concurso para licenciados (administradores de grau AD\u00a05)<\/a>\n\t\t\t\t<\/h3>\n\t\t\t\t\t\t\t\t\t\t\t<span class=\"dashicons-admin-users dashicons\"><\/span>\n\t\t\t\t<a class=\"uagb-timeline__author-link\" href=\"https:\/\/edbeirainterior.ubi.pt\/index.php\/author\/edbeirainterior_admin\/\">ED Beira Interior<\/a>\n\t\t\t\t\t\t\t<div class=\"uagb-timeline-desc-content\">\n\t\t\t\t<p>A Uni\u00e3o Europeia abriu um novo concurso para administradores de grau AD5, dirigido a licenciados&#8230;\t\t\t<\/div>\n\t\t\t\t\t\t<div class=\"uagb-timeline__link_parent wp-block-button\">\n\t\t\t\t<a class=\"uagb-timeline__link wp-block-button__link\" style=\"\" href=\"https:\/\/edbeirainterior.ubi.pt\/index.php\/2026\/02\/23\/concurso-para-licenciados-administradores-de-grau-ad-5\/\" target=\"_self\" rel=\" noopener noreferrer\">Saiba Mais<\/a>\n\t\t\t<\/div>\n\t\t\t\t\t\t\t\t\t\t\t<div class = \"uagb-timeline__arrow\"><\/div>\n\t\t\t\t\t\t<\/div>\n\t\t\t\t\t<\/div>\n\t\t\t\t\t\t\t\t\t\t\t\t\t\t<div datetime=\"2026-02-23T16:27:32+00:00\" class=\"uagb-timeline__date-new\">\n\t\t\t\tFebruary 23, 2026\t\t\t<\/div>\n\t\t\t\t\t\t\t\t\t\t\t<\/article>\n\t\t\t\t\t\t\t\t\t\t<div class = \"uagb-timeline__line\" >\n\t\t\t\t\t<div class = \"uagb-timeline__line__inner\"><\/div>\n\t\t\t\t<\/div>\n\t\t\t<\/div>\n\t\t\t","protected":false},"excerpt":{"rendered":"","protected":false},"author":1,"featured_media":0,"parent":0,"menu_order":0,"comment_status":"closed","ping_status":"closed","template":"","meta":{"_uag_custom_page_level_css":"","footnotes":""},"class_list":["post-423","page","type-page","status-publish","hentry"],"yoast_head":"<!-- This site is optimized with the Yoast SEO plugin v27.4 - https:\/\/yoast.com\/product\/yoast-seo-wordpress\/ -->\n<title>OPORTUNIDADES -<\/title>\n<meta name=\"robots\" content=\"index, follow, max-snippet:-1, max-image-preview:large, max-video-preview:-1\" \/>\n<link rel=\"canonical\" href=\"https:\/\/edbeirainterior.ubi.pt\/index.php\/oportunidades\/\" \/>\n<meta property=\"og:locale\" content=\"en_US\" \/>\n<meta property=\"og:type\" content=\"article\" \/>\n<meta property=\"og:title\" content=\"OPORTUNIDADES -\" \/>\n<meta property=\"og:url\" content=\"https:\/\/edbeirainterior.ubi.pt\/index.php\/oportunidades\/\" \/>\n<meta property=\"article:publisher\" content=\"https:\/\/www.facebook.com\/profile.php?id=61588628420882\" \/>\n<meta property=\"article:modified_time\" content=\"2026-03-11T12:05:31+00:00\" \/>\n<meta name=\"twitter:card\" content=\"summary_large_image\" \/>\n<meta name=\"twitter:site\" content=\"@beirainteriored\" \/>\n<script type=\"application\/ld+json\" class=\"yoast-schema-graph\">{\"@context\":\"https:\\\/\\\/schema.org\",\"@graph\":[{\"@type\":\"WebPage\",\"@id\":\"https:\\\/\\\/edbeirainterior.ubi.pt\\\/index.php\\\/oportunidades\\\/\",\"url\":\"https:\\\/\\\/edbeirainterior.ubi.pt\\\/index.php\\\/oportunidades\\\/\",\"name\":\"OPORTUNIDADES -\",\"isPartOf\":{\"@id\":\"https:\\\/\\\/edbeirainterior.ubi.pt\\\/#website\"},\"datePublished\":\"2026-03-11T11:36:33+00:00\",\"dateModified\":\"2026-03-11T12:05:31+00:00\",\"breadcrumb\":{\"@id\":\"https:\\\/\\\/edbeirainterior.ubi.pt\\\/index.php\\\/oportunidades\\\/#breadcrumb\"},\"inLanguage\":\"en-US\",\"potentialAction\":[{\"@type\":\"ReadAction\",\"target\":[\"https:\\\/\\\/edbeirainterior.ubi.pt\\\/index.php\\\/oportunidades\\\/\"]}]},{\"@type\":\"BreadcrumbList\",\"@id\":\"https:\\\/\\\/edbeirainterior.ubi.pt\\\/index.php\\\/oportunidades\\\/#breadcrumb\",\"itemListElement\":[{\"@type\":\"ListItem\",\"position\":1,\"name\":\"Home\",\"item\":\"https:\\\/\\\/edbeirainterior.ubi.pt\\\/\"},{\"@type\":\"ListItem\",\"position\":2,\"name\":\"OPORTUNIDADES\"}]},{\"@type\":\"WebSite\",\"@id\":\"https:\\\/\\\/edbeirainterior.ubi.pt\\\/#website\",\"url\":\"https:\\\/\\\/edbeirainterior.ubi.pt\\\/\",\"name\":\"Europe Direct Beira Interior\",\"description\":\"A Europa est\u00e1 mais pr\u00f3xima do que pensa!\",\"publisher\":{\"@id\":\"https:\\\/\\\/edbeirainterior.ubi.pt\\\/#organization\"},\"potentialAction\":[{\"@type\":\"SearchAction\",\"target\":{\"@type\":\"EntryPoint\",\"urlTemplate\":\"https:\\\/\\\/edbeirainterior.ubi.pt\\\/?s={search_term_string}\"},\"query-input\":{\"@type\":\"PropertyValueSpecification\",\"valueRequired\":true,\"valueName\":\"search_term_string\"}}],\"inLanguage\":\"en-US\"},{\"@type\":\"Organization\",\"@id\":\"https:\\\/\\\/edbeirainterior.ubi.pt\\\/#organization\",\"name\":\"Europe Direct Beira Interior\",\"url\":\"https:\\\/\\\/edbeirainterior.ubi.pt\\\/\",\"logo\":{\"@type\":\"ImageObject\",\"inLanguage\":\"en-US\",\"@id\":\"https:\\\/\\\/edbeirainterior.ubi.pt\\\/#\\\/schema\\\/logo\\\/image\\\/\",\"url\":\"https:\\\/\\\/edbeirainterior.ubi.pt\\\/wp-content\\\/uploads\\\/2026\\\/02\\\/Design-sem-nome-19-scaled.png\",\"contentUrl\":\"https:\\\/\\\/edbeirainterior.ubi.pt\\\/wp-content\\\/uploads\\\/2026\\\/02\\\/Design-sem-nome-19-scaled.png\",\"width\":2560,\"height\":667,\"caption\":\"Europe Direct Beira Interior\"},\"image\":{\"@id\":\"https:\\\/\\\/edbeirainterior.ubi.pt\\\/#\\\/schema\\\/logo\\\/image\\\/\"},\"sameAs\":[\"https:\\\/\\\/www.facebook.com\\\/profile.php?id=61588628420882\",\"https:\\\/\\\/x.com\\\/beirainteriored\",\"https:\\\/\\\/www.instagram.com\\\/ed.beirainterior\\\/\"]}]}<\/script>\n<!-- \/ Yoast SEO plugin. -->","yoast_head_json":{"title":"OPORTUNIDADES -","robots":{"index":"index","follow":"follow","max-snippet":"max-snippet:-1","max-image-preview":"max-image-preview:large","max-video-preview":"max-video-preview:-1"},"canonical":"https:\/\/edbeirainterior.ubi.pt\/index.php\/oportunidades\/","og_locale":"en_US","og_type":"article","og_title":"OPORTUNIDADES -","og_url":"https:\/\/edbeirainterior.ubi.pt\/index.php\/oportunidades\/","article_publisher":"https:\/\/www.facebook.com\/profile.php?id=61588628420882","article_modified_time":"2026-03-11T12:05:31+00:00","twitter_card":"summary_large_image","twitter_site":"@beirainteriored","schema":{"@context":"https:\/\/schema.org","@graph":[{"@type":"WebPage","@id":"https:\/\/edbeirainterior.ubi.pt\/index.php\/oportunidades\/","url":"https:\/\/edbeirainterior.ubi.pt\/index.php\/oportunidades\/","name":"OPORTUNIDADES -","isPartOf":{"@id":"https:\/\/edbeirainterior.ubi.pt\/#website"},"datePublished":"2026-03-11T11:36:33+00:00","dateModified":"2026-03-11T12:05:31+00:00","breadcrumb":{"@id":"https:\/\/edbeirainterior.ubi.pt\/index.php\/oportunidades\/#breadcrumb"},"inLanguage":"en-US","potentialAction":[{"@type":"ReadAction","target":["https:\/\/edbeirainterior.ubi.pt\/index.php\/oportunidades\/"]}]},{"@type":"BreadcrumbList","@id":"https:\/\/edbeirainterior.ubi.pt\/index.php\/oportunidades\/#breadcrumb","itemListElement":[{"@type":"ListItem","position":1,"name":"Home","item":"https:\/\/edbeirainterior.ubi.pt\/"},{"@type":"ListItem","position":2,"name":"OPORTUNIDADES"}]},{"@type":"WebSite","@id":"https:\/\/edbeirainterior.ubi.pt\/#website","url":"https:\/\/edbeirainterior.ubi.pt\/","name":"Europe Direct Beira Interior","description":"A Europa est\u00e1 mais pr\u00f3xima do que pensa!","publisher":{"@id":"https:\/\/edbeirainterior.ubi.pt\/#organization"},"potentialAction":[{"@type":"SearchAction","target":{"@type":"EntryPoint","urlTemplate":"https:\/\/edbeirainterior.ubi.pt\/?s={search_term_string}"},"query-input":{"@type":"PropertyValueSpecification","valueRequired":true,"valueName":"search_term_string"}}],"inLanguage":"en-US"},{"@type":"Organization","@id":"https:\/\/edbeirainterior.ubi.pt\/#organization","name":"Europe Direct Beira Interior","url":"https:\/\/edbeirainterior.ubi.pt\/","logo":{"@type":"ImageObject","inLanguage":"en-US","@id":"https:\/\/edbeirainterior.ubi.pt\/#\/schema\/logo\/image\/","url":"https:\/\/edbeirainterior.ubi.pt\/wp-content\/uploads\/2026\/02\/Design-sem-nome-19-scaled.png","contentUrl":"https:\/\/edbeirainterior.ubi.pt\/wp-content\/uploads\/2026\/02\/Design-sem-nome-19-scaled.png","width":2560,"height":667,"caption":"Europe Direct Beira Interior"},"image":{"@id":"https:\/\/edbeirainterior.ubi.pt\/#\/schema\/logo\/image\/"},"sameAs":["https:\/\/www.facebook.com\/profile.php?id=61588628420882","https:\/\/x.com\/beirainteriored","https:\/\/www.instagram.com\/ed.beirainterior\/"]}]}},"uagb_featured_image_src":{"full":false,"thumbnail":false,"medium":false,"medium_large":false,"large":false,"1536x1536":false,"2048x2048":false},"uagb_author_info":{"display_name":"ED Beira Interior","author_link":"https:\/\/edbeirainterior.ubi.pt\/index.php\/author\/edbeirainterior_admin\/"},"uagb_comment_info":0,"uagb_excerpt":null,"_links":{"self":[{"href":"https:\/\/edbeirainterior.ubi.pt\/index.php\/wp-json\/wp\/v2\/pages\/423","targetHints":{"allow":["GET"]}}],"collection":[{"href":"https:\/\/edbeirainterior.ubi.pt\/index.php\/wp-json\/wp\/v2\/pages"}],"about":[{"href":"https:\/\/edbeirainterior.ubi.pt\/index.php\/wp-json\/wp\/v2\/types\/page"}],"author":[{"embeddable":true,"href":"https:\/\/edbeirainterior.ubi.pt\/index.php\/wp-json\/wp\/v2\/users\/1"}],"replies":[{"embeddable":true,"href":"https:\/\/edbeirainterior.ubi.pt\/index.php\/wp-json\/wp\/v2\/comments?post=423"}],"version-history":[{"count":3,"href":"https:\/\/edbeirainterior.ubi.pt\/index.php\/wp-json\/wp\/v2\/pages\/423\/revisions"}],"predecessor-version":[{"id":428,"href":"https:\/\/edbeirainterior.ubi.pt\/index.php\/wp-json\/wp\/v2\/pages\/423\/revisions\/428"}],"wp:attachment":[{"href":"https:\/\/edbeirainterior.ubi.pt\/index.php\/wp-json\/wp\/v2\/media?parent=423"}],"curies":[{"name":"wp","href":"https:\/\/api.w.org\/{rel}","templated":true}]}}